{"id":103,"date":"2025-02-07T08:40:53","date_gmt":"2025-02-07T07:40:53","guid":{"rendered":"http:\/\/wtztecza.pl\/?page_id=103"},"modified":"2025-02-07T12:03:03","modified_gmt":"2025-02-07T11:03:03","slug":"technik-roznych","status":"publish","type":"page","link":"http:\/\/wtztecza.pl\/index.php\/technik-roznych\/","title":{"rendered":"Technik R\u00f3\u017cnych"},"content":{"rendered":"\n<p><\/p>\n\n\n\n<p class=\"has-foreground-color has-text-color has-link-color wp-elements-4366e422278d14f39446b20d3ae579a2\"><strong>Pracownia Technik R\u00f3\u017cnych<\/strong><\/p>\n\n\n\n<p>___________________________________________________________________________________<\/p>\n\n\n\n<p class=\"has-foreground-color has-text-color has-link-color has-extra-small-font-size wp-elements-3e9e56dbef2409aef872bdfe585b4117\">Najwa\u017cniejszym celem rehabilitacji i terapii jest optymalny rozw\u00f3j bio psychospo\u0142eczny mo\u017cliwy do osi\u0105gni\u0119cia przez jednostki uczestnicz\u0105ce w zaj\u0119ciach. Terapia psychologiczna koncentruje si\u0119 na doskonaleniu koncentracji uwagi, spostrzegawczo\u015bci i pami\u0119ci, \u0107wiczeniu koordynacji wzrokowo \u2013 ruchowej, rozwijaniu wyobra\u017ani przestrzennych, my\u015blenia przyczynowo skutkowego i rozwijaniu og\u00f3\u0142\u00f3w funkcji przystosowawczych. Metod\u0105 pracy jest g\u0142\u00f3wnie rozmowa psychologiczna, gdzie starano si\u0119 poznawa\u0107 problemy uczestnik\u00f3w i pr\u00f3bowano je rozwi\u0105zywa\u0107 w celu zapewnienia bezpiecze\u0144stwa psychicznego poprzez podwy\u017cszanie samooceny, satysfakcji czy likwidacji l\u0119ku, agresji, depresji. G\u0142\u00f3wnymi celami rehabilitacji spo\u0142ecznej jest poszerzanie zaradno\u015bci i przystosowania si\u0119 do \u017cycia, uspo\u0142ecznienie i podnoszenie ich samooceny poprzez prac\u0119, zadania zespo\u0142owe, grupowe czy nauk\u0119 za\u0142atwiania spraw osobistych. Natomiast zawodowa dotyczy nauki wykonywania r\u00f3\u017cnych czynno\u015bci wynikaj\u0105cych z form terapii zaj\u0119ciowej w pracowni technicznej. W tym przypadku dotycz\u0105 one planowania witra\u017cu (wyb\u00f3r projektu, jego wielko\u015b\u0107 i kolor), wycinania i \u0142amania szk\u0142a, szlifowania tych element\u00f3w, oklejenie ich ta\u015bm\u0105 miedzian\u0105, lutowania punktowo w celu po\u0142\u0105czenia element\u00f3w w ca\u0142o\u015b\u0107 i spoin\u0105 ci\u0105g\u0142\u0105 aby zala\u0107 przestrzenie mi\u0119dzy elementami, umycie witra\u017cu i wypolerowanie past\u0105. Realizacj\u0119 za\u0142o\u017conych cel\u00f3w, zar\u00f3wno rehabilitacji zawodowej jak i spo\u0142ecznej, osi\u0105ga si\u0119 wed\u0142ug metod opartych na obserwacji, s\u0142owie i dzia\u0142aniu. Poprzez metody obserwacyjne, g\u0142\u00f3wnie pokaz i demonstracja, zwraca si\u0119 uwag\u0119 na zwi\u0105zki i zale\u017cno\u015bci wykonywanych czynno\u015bci i zada\u0144. Metody s\u0142owne tj. opis i pogadanka, s\u0142u\u017c\u0105 teoretycznemu poznaniu form pracy i wyja\u015bnianiu niejasno\u015bci. Dzia\u0142anie (metoda problemowa i praktyczna) jest najbardziej wykorzystywane w pracy, dlatego \u017ce osoby te najlepiej przyswajaj\u0105 wiedz\u0119 w ten spos\u00f3b. Uczestnicy nabywaj\u0105 do\u015bwiadczenie opieraj\u0105c si\u0119 na wp\u0142ywie terapeuty (sugestia, instrukta\u017c), spo\u0142ecznym i samowychowaniu. towaru w sklepie, dojazd do warsztatu itp.)<\/p>\n","protected":false},"excerpt":{"rendered":"<p>Pracownia Technik R\u00f3\u017cnych ___________________________________________________________________________________ Najwa\u017cniejszym celem rehabilitacji i terapii jest optymalny rozw\u00f3j bio psychospo\u0142eczny mo\u017cliwy do osi\u0105gni\u0119cia przez jednostki uczestnicz\u0105ce w zaj\u0119ciach. Terapia psychologiczna koncentruje si\u0119 na doskonaleniu koncentracji uwagi, spostrzegawczo\u015bci i pami\u0119ci, \u0107wiczeniu koordynacji wzrokowo \u2013 ruchowej, rozwijaniu wyobra\u017ani przestrzennych, my\u015blenia przyczynowo skutkowego i rozwijaniu og\u00f3\u0142\u00f3w funkcji przystosowawczych. Metod\u0105 pracy jest g\u0142\u00f3wnie rozmowa psychologiczna, [&hellip;]<\/p>\n","protected":false},"author":1,"featured_media":0,"parent":0,"menu_order":0,"comment_status":"closed","ping_status":"closed","template":"","meta":{"footnotes":""},"class_list":["post-103","page","type-page","status-publish","hentry"],"_links":{"self":[{"href":"http:\/\/wtztecza.pl\/index.php\/wp-json\/wp\/v2\/pages\/103","targetHints":{"allow":["GET"]}}],"collection":[{"href":"http:\/\/wtztecza.pl\/index.php\/wp-json\/wp\/v2\/pages"}],"about":[{"href":"http:\/\/wtztecza.pl\/index.php\/wp-json\/wp\/v2\/types\/page"}],"author":[{"embeddable":true,"href":"http:\/\/wtztecza.pl\/index.php\/wp-json\/wp\/v2\/users\/1"}],"replies":[{"embeddable":true,"href":"http:\/\/wtztecza.pl\/index.php\/wp-json\/wp\/v2\/comments?post=103"}],"version-history":[{"count":5,"href":"http:\/\/wtztecza.pl\/index.php\/wp-json\/wp\/v2\/pages\/103\/revisions"}],"predecessor-version":[{"id":176,"href":"http:\/\/wtztecza.pl\/index.php\/wp-json\/wp\/v2\/pages\/103\/revisions\/176"}],"wp:attachment":[{"href":"http:\/\/wtztecza.pl\/index.php\/wp-json\/wp\/v2\/media?parent=103"}],"curies":[{"name":"wp","href":"https:\/\/api.w.org\/{rel}","templated":true}]}}