{"id":105,"date":"2025-02-07T08:42:22","date_gmt":"2025-02-07T07:42:22","guid":{"rendered":"http:\/\/wtztecza.pl\/?page_id=105"},"modified":"2025-02-07T12:01:13","modified_gmt":"2025-02-07T11:01:13","slug":"plastyczno-dekoratorska","status":"publish","type":"page","link":"http:\/\/wtztecza.pl\/index.php\/plastyczno-dekoratorska\/","title":{"rendered":"Plastyczno-Dekoratorska"},"content":{"rendered":"\n<p><\/p>\n\n\n\n<p class=\"has-foreground-color has-text-color has-link-color wp-elements-ddd0a96a0ea583fede13916684bda93e\"><strong>Pracownia Plastyczno-Dekoratorska<\/strong><\/p>\n\n\n\n<p>___________________________________________________________________________________<\/p>\n\n\n\n<p class=\"has-foreground-color has-text-color has-link-color has-extra-small-font-size wp-elements-b8cbe3ac1e081d46e17b244ceae3dbc8\">Podejmuje ro\u017cne metody i formy zgodnie z za\u0142o\u017ceniami planu pracy, indywidualnego programu rehabilitacji dla poszczeg\u00f3lnych uczestnik\u00f3w. Rehabilitacja przebiega w sferze ruchowej, spo\u0142ecznej, zawodowej, terapii psychologicznej i piel\u0119gnacyjnej. Indywidualny program rehabilitacji jest \u015bci\u015ble dostosowany dla ka\u017cdego uczestnika i realizowany sukcesywnie. Pracownia artystyczna zajmuje si\u0119 rozwijaniem szczeg\u00f3lnych uzdolnie\u0144 i zainteresowa\u0144, pobudzaniem wyobra\u017ani tw\u00f3rczej, usprawnianiem zdolno\u015bci manualnych r\u0105k, koordynacji wzrokowo ruchowej poprzez zaj\u0119cia np.: malowanie na szkle, folii, malowanie pastelami, szkicowanie, praca z bibu\u0142\u0105 , kaszk\u0105, plastelin\u0105, itd.<\/p>\n\n\n\n<p><\/p>\n","protected":false},"excerpt":{"rendered":"<p>Pracownia Plastyczno-Dekoratorska ___________________________________________________________________________________ Podejmuje ro\u017cne metody i formy zgodnie z za\u0142o\u017ceniami planu pracy, indywidualnego programu rehabilitacji dla poszczeg\u00f3lnych uczestnik\u00f3w. Rehabilitacja przebiega w sferze ruchowej, spo\u0142ecznej, zawodowej, terapii psychologicznej i piel\u0119gnacyjnej. Indywidualny program rehabilitacji jest \u015bci\u015ble dostosowany dla ka\u017cdego uczestnika i realizowany sukcesywnie. Pracownia artystyczna zajmuje si\u0119 rozwijaniem szczeg\u00f3lnych uzdolnie\u0144 i zainteresowa\u0144, pobudzaniem wyobra\u017ani tw\u00f3rczej, usprawnianiem [&hellip;]<\/p>\n","protected":false},"author":1,"featured_media":0,"parent":0,"menu_order":0,"comment_status":"closed","ping_status":"closed","template":"","meta":{"footnotes":""},"class_list":["post-105","page","type-page","status-publish","hentry"],"_links":{"self":[{"href":"http:\/\/wtztecza.pl\/index.php\/wp-json\/wp\/v2\/pages\/105","targetHints":{"allow":["GET"]}}],"collection":[{"href":"http:\/\/wtztecza.pl\/index.php\/wp-json\/wp\/v2\/pages"}],"about":[{"href":"http:\/\/wtztecza.pl\/index.php\/wp-json\/wp\/v2\/types\/page"}],"author":[{"embeddable":true,"href":"http:\/\/wtztecza.pl\/index.php\/wp-json\/wp\/v2\/users\/1"}],"replies":[{"embeddable":true,"href":"http:\/\/wtztecza.pl\/index.php\/wp-json\/wp\/v2\/comments?post=105"}],"version-history":[{"count":4,"href":"http:\/\/wtztecza.pl\/index.php\/wp-json\/wp\/v2\/pages\/105\/revisions"}],"predecessor-version":[{"id":171,"href":"http:\/\/wtztecza.pl\/index.php\/wp-json\/wp\/v2\/pages\/105\/revisions\/171"}],"wp:attachment":[{"href":"http:\/\/wtztecza.pl\/index.php\/wp-json\/wp\/v2\/media?parent=105"}],"curies":[{"name":"wp","href":"https:\/\/api.w.org\/{rel}","templated":true}]}}