{"id":107,"date":"2025-02-07T08:43:19","date_gmt":"2025-02-07T07:43:19","guid":{"rendered":"http:\/\/wtztecza.pl\/?page_id=107"},"modified":"2025-02-12T11:20:04","modified_gmt":"2025-02-12T10:20:04","slug":"gospodarstwa-domowego","status":"publish","type":"page","link":"http:\/\/wtztecza.pl\/index.php\/gospodarstwa-domowego\/","title":{"rendered":"Gospodarstwa Domowego"},"content":{"rendered":"\n<p><\/p>\n\n\n\n<p class=\"has-foreground-color has-text-color has-link-color wp-elements-28c8ba60621635ab1cf571960fe0aa8f\"><strong>Pracownia Gospodarstwa Domowego<\/strong><\/p>\n\n\n\n<p>___________________________________________________________________________________<\/p>\n\n\n\n<p class=\"has-secondary-color has-text-color has-link-color has-extra-small-font-size wp-elements-711b13acf6051f49e3ef402aaaf0631c\">Pracownia ma za zadanie utrwalanie pozytywnych nawyk\u00f3w \u017cywieniowych uczestnik\u00f3w warsztatu, ich przygotowanie zawodowe zwi\u0105zane z kuchni\u0105 i przygotowywanymi tam potrawami oraz kultur\u0105 spo\u017cywania posi\u0142ku. Sk\u0142ad pracowni stanowi\u0105 dziewczyny, ale w zale\u017cno\u015bci od potrzeb pomagaj\u0105 w pracy r\u00f3wnie\u017c ch\u0142opcy. Uczestniczki w trakcie zaj\u0119\u0107 w pracowni musz\u0105 zwr\u00f3ci\u0107 szczeg\u00f3ln\u0105 uwag\u0119 na dbanie o w\u0142asne bezpiecze\u0144stwo oraz przestrzegania og\u00f3lnych zasad higieny. Ponadto osoby kt\u00f3re uczestnicz\u0105 w zaj\u0119ciach pracowni gospodarstwa domowego ucz\u0105 si\u0119 obs\u0142ugi urz\u0105dze\u0144 gospodarstwa domowego tj: piec gazowy, piec elektryczny, zmywarka, czajnik bezprzewodowy, robot kuchenny, ekspres do kawy, gofrownica, maszynka do rozdrabniania warzyw, \u017celazka z nawil\u017caczem, pralki automatycznej oraz prawid\u0142owego u\u017cytkowania lod\u00f3wki i zamra\u017carki. W pracowni prowadzi si\u0119 terapi\u0119 w oparciu o indywidualny program rehabilitacji. Indywidualny program rehabilitacji zosta\u0142 opracowany przez Rad\u0119 Programow\u0105 uwzgl\u0119dniaj\u0105c schorzenie uczestnika, sprawno\u015b\u0107 umys\u0142ow\u0105 i fizyczn\u0105. W pracowni gospodarstwa domowego prowadzone zaj\u0119cia s\u0105 oparte na nast\u0119puj\u0105cych metodach: wyk\u0142adzie, pogadance, dyskusji, opisywaniu, samodzielnej pracy \u2013 metodzie praktycznej, pokazie, wyja\u015bnianiu, rozwijaniu umiej\u0119tno\u015bci, instrukta\u017cu, metodzie wzrokowej, metodzie s\u0142uchowej, metodzie dotykowej, metodzie smakowej, metodzie w\u0119chowej. Prowadzone metody maj\u0105 na celu rozwijanie zdolno\u015bci kszta\u0142cenia i doskonalenia strony manualnej i intelektualnej. Przeprowadzone zaj\u0119cia maj\u0105 na celu przygotowanie uczestnik\u00f3w do sporz\u0105dzania potraw, usprawniania manualnego, poprawy koordynacji wzrokowo \u2013 ruchowej. Zaj\u0119cia maj\u0105 na celu rehabilitacj\u0119 m\u0142odzie\u017cy niepe\u0142nosprawnej zmierzaj\u0105cej do przystosowania spo\u0142ecznego i opanowania czynno\u015bci przysposabiaj\u0105cych do pracy.<\/p>\n\n\n\n<div style=\"height:48px\" aria-hidden=\"true\" class=\"wp-block-spacer\"><\/div>\n\n\n\n<figure class=\"wp-block-image aligncenter size-large is-resized\"><img loading=\"lazy\" decoding=\"async\" width=\"1024\" height=\"768\" src=\"http:\/\/wtztecza.pl\/wp-content\/uploads\/2025\/02\/IMG_0624-1024x768.jpg\" alt=\"\" class=\"wp-image-862\" style=\"width:520px;height:auto\" srcset=\"http:\/\/wtztecza.pl\/wp-content\/uploads\/2025\/02\/IMG_0624-1024x768.jpg 1024w, http:\/\/wtztecza.pl\/wp-content\/uploads\/2025\/02\/IMG_0624-300x225.jpg 300w, http:\/\/wtztecza.pl\/wp-content\/uploads\/2025\/02\/IMG_0624-768x576.jpg 768w, http:\/\/wtztecza.pl\/wp-content\/uploads\/2025\/02\/IMG_0624-1536x1152.jpg 1536w, http:\/\/wtztecza.pl\/wp-content\/uploads\/2025\/02\/IMG_0624-2048x1536.jpg 2048w\" sizes=\"auto, (max-width: 1024px) 100vw, 1024px\" \/><\/figure>\n\n\n\n<div style=\"height:48px\" aria-hidden=\"true\" class=\"wp-block-spacer\"><\/div>\n","protected":false},"excerpt":{"rendered":"<p>Pracownia Gospodarstwa Domowego ___________________________________________________________________________________ Pracownia ma za zadanie utrwalanie pozytywnych nawyk\u00f3w \u017cywieniowych uczestnik\u00f3w warsztatu, ich przygotowanie zawodowe zwi\u0105zane z kuchni\u0105 i przygotowywanymi tam potrawami oraz kultur\u0105 spo\u017cywania posi\u0142ku. Sk\u0142ad pracowni stanowi\u0105 dziewczyny, ale w zale\u017cno\u015bci od potrzeb pomagaj\u0105 w pracy r\u00f3wnie\u017c ch\u0142opcy. Uczestniczki w trakcie zaj\u0119\u0107 w pracowni musz\u0105 zwr\u00f3ci\u0107 szczeg\u00f3ln\u0105 uwag\u0119 na dbanie o [&hellip;]<\/p>\n","protected":false},"author":1,"featured_media":0,"parent":0,"menu_order":0,"comment_status":"closed","ping_status":"closed","template":"","meta":{"footnotes":""},"class_list":["post-107","page","type-page","status-publish","hentry"],"_links":{"self":[{"href":"http:\/\/wtztecza.pl\/index.php\/wp-json\/wp\/v2\/pages\/107","targetHints":{"allow":["GET"]}}],"collection":[{"href":"http:\/\/wtztecza.pl\/index.php\/wp-json\/wp\/v2\/pages"}],"about":[{"href":"http:\/\/wtztecza.pl\/index.php\/wp-json\/wp\/v2\/types\/page"}],"author":[{"embeddable":true,"href":"http:\/\/wtztecza.pl\/index.php\/wp-json\/wp\/v2\/users\/1"}],"replies":[{"embeddable":true,"href":"http:\/\/wtztecza.pl\/index.php\/wp-json\/wp\/v2\/comments?post=107"}],"version-history":[{"count":9,"href":"http:\/\/wtztecza.pl\/index.php\/wp-json\/wp\/v2\/pages\/107\/revisions"}],"predecessor-version":[{"id":866,"href":"http:\/\/wtztecza.pl\/index.php\/wp-json\/wp\/v2\/pages\/107\/revisions\/866"}],"wp:attachment":[{"href":"http:\/\/wtztecza.pl\/index.php\/wp-json\/wp\/v2\/media?parent=107"}],"curies":[{"name":"wp","href":"https:\/\/api.w.org\/{rel}","templated":true}]}}