{"id":109,"date":"2025-02-07T08:44:17","date_gmt":"2025-02-07T07:44:17","guid":{"rendered":"http:\/\/wtztecza.pl\/?page_id=109"},"modified":"2025-02-07T12:02:00","modified_gmt":"2025-02-07T11:02:00","slug":"rekodzielnicza-2","status":"publish","type":"page","link":"http:\/\/wtztecza.pl\/index.php\/rekodzielnicza-2\/","title":{"rendered":"R\u0119kodzielnicza"},"content":{"rendered":"\n<p><\/p>\n\n\n\n<p class=\"has-foreground-color has-text-color has-link-color wp-elements-a7edf68c54399a718cb1516c95d4d250\"><strong>Pracownia R\u0119kodzielnicza<\/strong><\/p>\n\n\n\n<p>___________________________________________________________________________________<\/p>\n\n\n\n<p class=\"has-foreground-color has-text-color has-link-color has-extra-small-font-size wp-elements-0b6036fb855625dbc365ad44abdd3b29\">W pracowni prowadzona jest terapia w oparciu o przygotowane przez Rad\u0119 Programow\u0105 roczne indywidualne programy rehabilitacji i terapii, \u015bci\u015ble dostosowane do ka\u017cdego uczestnika. Przy opracowaniu program\u00f3w uwzgl\u0119dniono: rodzaj choroby, sprawno\u015b\u0107 umys\u0142ow\u0105 i fizyczn\u0105, k\u0142ad\u0105c nacisk na rozw\u00f3j i pobudzenie mniej sprawnych funkcji i utrwalenie ju\u017c opanowanych. Zaj\u0119cia s\u0105 prowadzone przy pomocy r\u00f3\u017cnorodnych form z jednoczesnym uwzgl\u0119dnieniem przepis\u00f3w BHP. Uczestnicy poznaj\u0105 i ucz\u0105 si\u0119 pos\u0142ugiwa\u0107 prostymi narz\u0119dziami i urz\u0105dzeniami, poznaj\u0105 techniki i metody stosowane w krawiectwie i r\u0119kodzielnictwie oraz utrwalaj\u0105 dotychczasowe zastosowania. Przy wykonywaniu prac zwraca si\u0119 uwag\u0119 na estetyk\u0119 i poprawne wykonanie prac. Prace dobiera si\u0119 tak aby opr\u00f3cz wyrabiania sprawno\u015bci manualnej pobudza\u0107 wyobra\u017anie tw\u00f3rcz\u0105 od dobierania kolor\u00f3w pocz\u0105wszy a\u017c do tworzenia w\u0142asnych wzor\u00f3w i realizacji w\u0142asnych pomys\u0142\u00f3w. Praca wykonana jest przer\u00f3\u017cnymi technikami. Uczestnicy poznaj\u0105 i stosuj\u0105 r\u00f3\u017cne hafty ludowe z r\u00f3\u017cnych region\u00f3w Polski, hafty tradycyjne i awangardowe stosuj\u0105c r\u00f3\u017cne rodzaje \u015bcieg\u00f3w hafciarskich np: za ig\u0142\u0105, sznureczkowy, krzy\u017cykowy, p\u0119czkowy, p\u0142aski itp. Wykonywanych jest wiele haftowanych serwetek, bie\u017cnik\u00f3w i obraz\u00f3w. Przy pomocy r\u0119cznych igie\u0142 tkackich, ram i tambork\u00f3w wykonuje si\u0119 makatki gobeliny i obrazy. Ponadto z uczestnikami bardziej zaawansowanymi prowadzone s\u0105 zaj\u0119cia zwi\u0105zane z szyciem maszyn\u0105 &#8211; (szycie proste tj. przeszywanie ta\u015bm ozdobnych, koronek, obrzucanie, \u0142\u0105czenie materia\u0142\u00f3w). Prace wykonane przez uczestnik\u00f3w eksponowane s\u0105 w pracowni i na r\u00f3\u017cnych wystawach. Opr\u00f3cz zada\u0144 zwi\u0105zanych z rehabilitacj\u0105 zawodow\u0105 prowadzone s\u0105 zaj\u0119cia maj\u0105ce na celu rozwijanie sprawno\u015bci ruchowej po przez gry i zabawy \u015bwietlicowe i w terenie. W czasie zaj\u0119\u0107 prowadzone s\u0105 rozmowy i dyskusje, g\u0142\u00f3wnie o \u017cyciu codziennym maj\u0105ce na celu wyrabianie samodzielno\u015bci, dba\u0142o\u015bci o higien\u0119 osobist\u0105.<\/p>\n","protected":false},"excerpt":{"rendered":"<p>Pracownia R\u0119kodzielnicza ___________________________________________________________________________________ W pracowni prowadzona jest terapia w oparciu o przygotowane przez Rad\u0119 Programow\u0105 roczne indywidualne programy rehabilitacji i terapii, \u015bci\u015ble dostosowane do ka\u017cdego uczestnika. Przy opracowaniu program\u00f3w uwzgl\u0119dniono: rodzaj choroby, sprawno\u015b\u0107 umys\u0142ow\u0105 i fizyczn\u0105, k\u0142ad\u0105c nacisk na rozw\u00f3j i pobudzenie mniej sprawnych funkcji i utrwalenie ju\u017c opanowanych. Zaj\u0119cia s\u0105 prowadzone przy pomocy r\u00f3\u017cnorodnych [&hellip;]<\/p>\n","protected":false},"author":1,"featured_media":0,"parent":0,"menu_order":0,"comment_status":"closed","ping_status":"closed","template":"","meta":{"footnotes":""},"class_list":["post-109","page","type-page","status-publish","hentry"],"_links":{"self":[{"href":"http:\/\/wtztecza.pl\/index.php\/wp-json\/wp\/v2\/pages\/109","targetHints":{"allow":["GET"]}}],"collection":[{"href":"http:\/\/wtztecza.pl\/index.php\/wp-json\/wp\/v2\/pages"}],"about":[{"href":"http:\/\/wtztecza.pl\/index.php\/wp-json\/wp\/v2\/types\/page"}],"author":[{"embeddable":true,"href":"http:\/\/wtztecza.pl\/index.php\/wp-json\/wp\/v2\/users\/1"}],"replies":[{"embeddable":true,"href":"http:\/\/wtztecza.pl\/index.php\/wp-json\/wp\/v2\/comments?post=109"}],"version-history":[{"count":4,"href":"http:\/\/wtztecza.pl\/index.php\/wp-json\/wp\/v2\/pages\/109\/revisions"}],"predecessor-version":[{"id":173,"href":"http:\/\/wtztecza.pl\/index.php\/wp-json\/wp\/v2\/pages\/109\/revisions\/173"}],"wp:attachment":[{"href":"http:\/\/wtztecza.pl\/index.php\/wp-json\/wp\/v2\/media?parent=109"}],"curies":[{"name":"wp","href":"https:\/\/api.w.org\/{rel}","templated":true}]}}