{"id":111,"date":"2025-02-07T08:45:29","date_gmt":"2025-02-07T07:45:29","guid":{"rendered":"http:\/\/wtztecza.pl\/?page_id=111"},"modified":"2025-02-07T12:03:20","modified_gmt":"2025-02-07T11:03:20","slug":"tworczosci-manualnej","status":"publish","type":"page","link":"http:\/\/wtztecza.pl\/index.php\/tworczosci-manualnej\/","title":{"rendered":"Tw\u00f3rczo\u015bci Manualnej"},"content":{"rendered":"\n<p><\/p>\n\n\n\n<p class=\"has-foreground-color has-text-color has-link-color wp-elements-3f98f3dfe4d2aa6c8f7bff59a51b7187\"><strong>Pracownia Tw\u00f3rczo\u015bci Manualnej<\/strong><\/p>\n\n\n\n<p>___________________________________________________________________________________<\/p>\n\n\n\n<p class=\"has-foreground-color has-text-color has-link-color has-extra-small-font-size wp-elements-5ca3ae539295ca4c11807b86583d4501\">W pracowni Tw\u00f3rczo\u015bci Manualnej uczestnicy wykonuj\u0105 ozdoby z butelek, drewna oraz plastiku. Wszystko to okraszone jest technik\u0105 de \u2018coupage oraz de&#8217; coupage 3D. Uczestnicy pracowni Przyrodniczo Dekoracyjnej stanowi\u0105 podstawowy sk\u0142ad podczas prac porz\u0105dkowych i ogrodniczych, s\u0105 odpowiedzialni za utrzymanie odpowiedniej flory i fauny w warsztacie oraz poza jego obr\u0119bem. Dzi\u0119ki tej technice uczestnicy rozwijaj\u0105 si\u0119 zawodowo szczeg\u00f3lnie pod wzgl\u0119dem wyobra\u017ani oraz zwinno\u015bci manualnej.<\/p>\n","protected":false},"excerpt":{"rendered":"<p>Pracownia Tw\u00f3rczo\u015bci Manualnej ___________________________________________________________________________________ W pracowni Tw\u00f3rczo\u015bci Manualnej uczestnicy wykonuj\u0105 ozdoby z butelek, drewna oraz plastiku. Wszystko to okraszone jest technik\u0105 de \u2018coupage oraz de&#8217; coupage 3D. Uczestnicy pracowni Przyrodniczo Dekoracyjnej stanowi\u0105 podstawowy sk\u0142ad podczas prac porz\u0105dkowych i ogrodniczych, s\u0105 odpowiedzialni za utrzymanie odpowiedniej flory i fauny w warsztacie oraz poza jego obr\u0119bem. Dzi\u0119ki tej [&hellip;]<\/p>\n","protected":false},"author":1,"featured_media":0,"parent":0,"menu_order":0,"comment_status":"closed","ping_status":"closed","template":"","meta":{"footnotes":""},"class_list":["post-111","page","type-page","status-publish","hentry"],"_links":{"self":[{"href":"http:\/\/wtztecza.pl\/index.php\/wp-json\/wp\/v2\/pages\/111","targetHints":{"allow":["GET"]}}],"collection":[{"href":"http:\/\/wtztecza.pl\/index.php\/wp-json\/wp\/v2\/pages"}],"about":[{"href":"http:\/\/wtztecza.pl\/index.php\/wp-json\/wp\/v2\/types\/page"}],"author":[{"embeddable":true,"href":"http:\/\/wtztecza.pl\/index.php\/wp-json\/wp\/v2\/users\/1"}],"replies":[{"embeddable":true,"href":"http:\/\/wtztecza.pl\/index.php\/wp-json\/wp\/v2\/comments?post=111"}],"version-history":[{"count":4,"href":"http:\/\/wtztecza.pl\/index.php\/wp-json\/wp\/v2\/pages\/111\/revisions"}],"predecessor-version":[{"id":177,"href":"http:\/\/wtztecza.pl\/index.php\/wp-json\/wp\/v2\/pages\/111\/revisions\/177"}],"wp:attachment":[{"href":"http:\/\/wtztecza.pl\/index.php\/wp-json\/wp\/v2\/media?parent=111"}],"curies":[{"name":"wp","href":"https:\/\/api.w.org\/{rel}","templated":true}]}}