{"id":114,"date":"2025-02-07T08:46:27","date_gmt":"2025-02-07T07:46:27","guid":{"rendered":"http:\/\/wtztecza.pl\/?page_id=114"},"modified":"2025-02-07T12:02:28","modified_gmt":"2025-02-07T11:02:28","slug":"sala-cwiczen","status":"publish","type":"page","link":"http:\/\/wtztecza.pl\/index.php\/sala-cwiczen\/","title":{"rendered":"Sala \u0106wicze\u0144"},"content":{"rendered":"\n<p><\/p>\n\n\n\n<p class=\"has-foreground-color has-text-color has-link-color wp-elements-17fbeb91034b9a62202c95a35caf6cc2\"><strong>Sala \u0106wicze\u0144<\/strong><\/p>\n\n\n\n<p>___________________________________________________________________________________<\/p>\n\n\n\n<p class=\"has-foreground-color has-text-color has-link-color has-extra-small-font-size wp-elements-b1858c13a34e9133791680df97784f49\">Podstawowym celem zaj\u0119\u0107 ruchowych jest podnoszenie og\u00f3lnej sprawno\u015bci fizycznej, psychicznej oraz rozwijanie cech motorycznych i koordynacji ruchowej. Sala \u0107wicze\u0144 wyposa\u017cona jest w niezb\u0119dny sprz\u0119t do rehabilitacji oraz&nbsp; do utrzymywania sprawno\u015bci i kondycji fizycznej. Zaj\u0119cia w tej pracowni obejmuj\u0105 \u0107wiczenia og\u00f3lno-usprawniaj\u0105ce, \u0107wiczenia manualne, \u0107wiczenia relaksacyjne, \u0107wiczenia oddechowe, \u0107wiczenia koryguj\u0105ce wady postawy, ,choreoterapia, zaj\u0119cia prowadzone , gry i zabawy sportowe, rajdy rowerowe , marszobiegi i spacery. Forma zaj\u0119\u0107 grupowa i indywidualna. Zakres i poziom \u015bwiadczonych form pomocy dostosowany jest do mo\u017cliwo\u015bci psychofizycznych uczestnik\u00f3w. Ka\u017cdy uczestnik ma indywidualny tok usprawniania ruchowego opracowany przez fizjoterapeut\u0119 z uwzgl\u0119dnieniem zalece\u0144 opiekuna i orzecze\u0144 lekarskich. Podopieczni maj\u0105 r\u00f3wnie\u017c&nbsp; mo\u017cliwo\u015b\u0107 korzystania z masa\u017cu&nbsp; leczniczego, w celu roz\u0142adowania napi\u0119\u0107 psychicznych i poprawy stanu fizycznego.<br>Prowadzone s\u0105 r\u00f3wnie\u017c zaj\u0119cia rekreacyjno-sportowe poza o\u015brodkiem, m. in. gra w pi\u0142k\u0119 no\u017cn\u0105, siatk\u00f3wk\u0119, koszyk\u00f3wk\u0119, gry i zabawy sprawno\u015bciowe<br>Uczestnicy bior\u0105 r\u00f3wnie\u017c udzia\u0142 w zaj\u0119ciach organizowanych, kt\u00f3re pozwalaj\u0105 na roz\u0142adowanie emocji, rozlu\u017anienie i odpr\u0119\u017cenie od typowych zaj\u0119\u0107 tematycznych. Udzia\u0142 w zaj\u0119ciach pozwala dba\u0107 uczestnikom o swoj\u0105 kondycj\u0119 fizyczn\u0105, jak r\u00f3wnie\u017c uczy prozdrowotnego trybu \u017cycia.<\/p>\n","protected":false},"excerpt":{"rendered":"<p>Sala \u0106wicze\u0144 ___________________________________________________________________________________ Podstawowym celem zaj\u0119\u0107 ruchowych jest podnoszenie og\u00f3lnej sprawno\u015bci fizycznej, psychicznej oraz rozwijanie cech motorycznych i koordynacji ruchowej. Sala \u0107wicze\u0144 wyposa\u017cona jest w niezb\u0119dny sprz\u0119t do rehabilitacji oraz&nbsp; do utrzymywania sprawno\u015bci i kondycji fizycznej. Zaj\u0119cia w tej pracowni obejmuj\u0105 \u0107wiczenia og\u00f3lno-usprawniaj\u0105ce, \u0107wiczenia manualne, \u0107wiczenia relaksacyjne, \u0107wiczenia oddechowe, \u0107wiczenia koryguj\u0105ce wady postawy, ,choreoterapia, zaj\u0119cia [&hellip;]<\/p>\n","protected":false},"author":1,"featured_media":0,"parent":0,"menu_order":0,"comment_status":"closed","ping_status":"closed","template":"","meta":{"footnotes":""},"class_list":["post-114","page","type-page","status-publish","hentry"],"_links":{"self":[{"href":"http:\/\/wtztecza.pl\/index.php\/wp-json\/wp\/v2\/pages\/114","targetHints":{"allow":["GET"]}}],"collection":[{"href":"http:\/\/wtztecza.pl\/index.php\/wp-json\/wp\/v2\/pages"}],"about":[{"href":"http:\/\/wtztecza.pl\/index.php\/wp-json\/wp\/v2\/types\/page"}],"author":[{"embeddable":true,"href":"http:\/\/wtztecza.pl\/index.php\/wp-json\/wp\/v2\/users\/1"}],"replies":[{"embeddable":true,"href":"http:\/\/wtztecza.pl\/index.php\/wp-json\/wp\/v2\/comments?post=114"}],"version-history":[{"count":4,"href":"http:\/\/wtztecza.pl\/index.php\/wp-json\/wp\/v2\/pages\/114\/revisions"}],"predecessor-version":[{"id":174,"href":"http:\/\/wtztecza.pl\/index.php\/wp-json\/wp\/v2\/pages\/114\/revisions\/174"}],"wp:attachment":[{"href":"http:\/\/wtztecza.pl\/index.php\/wp-json\/wp\/v2\/media?parent=114"}],"curies":[{"name":"wp","href":"https:\/\/api.w.org\/{rel}","templated":true}]}}