{"id":116,"date":"2025-02-07T08:49:38","date_gmt":"2025-02-07T07:49:38","guid":{"rendered":"http:\/\/wtztecza.pl\/?page_id=116"},"modified":"2025-02-28T11:56:29","modified_gmt":"2025-02-28T10:56:29","slug":"rzemieslnicza","status":"publish","type":"page","link":"http:\/\/wtztecza.pl\/index.php\/rzemieslnicza\/","title":{"rendered":"Rzemie\u015blnicza"},"content":{"rendered":"\n<div style=\"height:48px\" aria-hidden=\"true\" class=\"wp-block-spacer\"><\/div>\n\n\n\n<p class=\"has-foreground-color has-text-color has-link-color has-extra-small-font-size wp-elements-d8606b22c78706a400e033aaaf2fdc58\">Pracownia rzemie\u015blnicza powsta\u0142a w 2017 roku. Na pocz\u0105tku mia\u0142a zajmowa\u0107 si\u0119 wypalaniem porcelany, ale z biegiem czasu przekszta\u0142ci\u0142a si\u0119 w pracowni\u0119 recyklingu. W tej pracowni uczestnicy ucz\u0105 si\u0119 przerabia\u0107 wszystkie niepotrzebne rzeczy: butelki s\u0142oiki, pude\u0142ka, puszki,\u00a0 kartony, materia\u0142y tekstylne, oraz dary natury. Podopieczni \u00a0na zaj\u0119ciach pracuj\u0105 r\u00f3\u017cnymi metodami, np.: artyterapi\u0105\u00a0 \u00a0\u00a0\u00a0\u00a0i technikami np. decupage. W pracowni wykonuj\u0105 tak\u017ce wiele innych ciekawych technik: papieroplastyk\u0119, makram\u0119, malowanie farbami akrylowymi, owijanie sznurkiem, i oklejanie materia\u0142ami tekstylnymi. A z dar\u00f3w natury wykonuj\u0105 r\u00f3\u017cnego rodzaju ozdoby \u015bwi\u0105teczne i okoliczno\u015bciowe takie jak: choinki, wianki i kule. Poznaj\u0105 r\u00f3\u017cnego rodzaju narz\u0119dzia, kt\u00f3rymi pos\u0142uguj\u0105 si\u0119 podczas wykonywanych zada\u0144.<\/p>\n\n\n\n<figure class=\"wp-block-image aligncenter size-large is-resized\"><img loading=\"lazy\" decoding=\"async\" width=\"1024\" height=\"768\" src=\"http:\/\/wtztecza.pl\/wp-content\/uploads\/2025\/02\/IMG_06301-1024x768.jpg\" alt=\"\" class=\"wp-image-868\" style=\"width:589px;height:auto\" srcset=\"http:\/\/wtztecza.pl\/wp-content\/uploads\/2025\/02\/IMG_06301-1024x768.jpg 1024w, http:\/\/wtztecza.pl\/wp-content\/uploads\/2025\/02\/IMG_06301-300x225.jpg 300w, http:\/\/wtztecza.pl\/wp-content\/uploads\/2025\/02\/IMG_06301-768x576.jpg 768w, http:\/\/wtztecza.pl\/wp-content\/uploads\/2025\/02\/IMG_06301-1536x1152.jpg 1536w, http:\/\/wtztecza.pl\/wp-content\/uploads\/2025\/02\/IMG_06301-2048x1536.jpg 2048w\" sizes=\"auto, (max-width: 1024px) 100vw, 1024px\" \/><\/figure>\n\n\n\n<div style=\"height:48px\" aria-hidden=\"true\" class=\"wp-block-spacer\"><\/div>\n","protected":false},"excerpt":{"rendered":"<p>Pracownia rzemie\u015blnicza powsta\u0142a w 2017 roku. Na pocz\u0105tku mia\u0142a zajmowa\u0107 si\u0119 wypalaniem porcelany, ale z biegiem czasu przekszta\u0142ci\u0142a si\u0119 w pracowni\u0119 recyklingu. W tej pracowni uczestnicy ucz\u0105 si\u0119 przerabia\u0107 wszystkie niepotrzebne rzeczy: butelki s\u0142oiki, pude\u0142ka, puszki,\u00a0 kartony, materia\u0142y tekstylne, oraz dary natury. Podopieczni \u00a0na zaj\u0119ciach pracuj\u0105 r\u00f3\u017cnymi metodami, np.: artyterapi\u0105\u00a0 \u00a0\u00a0\u00a0\u00a0i technikami np. decupage. W [&hellip;]<\/p>\n","protected":false},"author":1,"featured_media":0,"parent":0,"menu_order":0,"comment_status":"closed","ping_status":"closed","template":"","meta":{"footnotes":""},"class_list":["post-116","page","type-page","status-publish","hentry"],"_links":{"self":[{"href":"http:\/\/wtztecza.pl\/index.php\/wp-json\/wp\/v2\/pages\/116","targetHints":{"allow":["GET"]}}],"collection":[{"href":"http:\/\/wtztecza.pl\/index.php\/wp-json\/wp\/v2\/pages"}],"about":[{"href":"http:\/\/wtztecza.pl\/index.php\/wp-json\/wp\/v2\/types\/page"}],"author":[{"embeddable":true,"href":"http:\/\/wtztecza.pl\/index.php\/wp-json\/wp\/v2\/users\/1"}],"replies":[{"embeddable":true,"href":"http:\/\/wtztecza.pl\/index.php\/wp-json\/wp\/v2\/comments?post=116"}],"version-history":[{"count":4,"href":"http:\/\/wtztecza.pl\/index.php\/wp-json\/wp\/v2\/pages\/116\/revisions"}],"predecessor-version":[{"id":1863,"href":"http:\/\/wtztecza.pl\/index.php\/wp-json\/wp\/v2\/pages\/116\/revisions\/1863"}],"wp:attachment":[{"href":"http:\/\/wtztecza.pl\/index.php\/wp-json\/wp\/v2\/media?parent=116"}],"curies":[{"name":"wp","href":"https:\/\/api.w.org\/{rel}","templated":true}]}}