{"id":197,"date":"2025-02-10T09:25:19","date_gmt":"2025-02-10T08:25:19","guid":{"rendered":"http:\/\/wtztecza.pl\/?page_id=197"},"modified":"2025-02-10T09:41:52","modified_gmt":"2025-02-10T08:41:52","slug":"o-nas","status":"publish","type":"page","link":"http:\/\/wtztecza.pl\/index.php\/o-nas\/","title":{"rendered":"O nas"},"content":{"rendered":"\n<div style=\"height:39px\" aria-hidden=\"true\" class=\"wp-block-spacer\"><\/div>\n\n\n\n<p class=\"has-secondary-color has-text-color has-link-color wp-elements-b261dc0ee6c6fb617d886001a46b2b07\" style=\"font-size:16px;line-height:1.3\">Warsztat Terapii Zaj\u0119ciowej \u201eT\u0119cza\u201d jest plac\u00f3wk\u0105 pobytu dziennego, czynn\u0105 od poniedzia\u0142ku do pi\u0105tku&nbsp; od godz. 7.00 do 15.00. Ka\u017cda pracownia realizuje w\u0142asne zadania w zale\u017cno\u015bci od potrzeb i mo\u017cliwo\u015bci uczestnik\u00f3w wg przygotowanego corocznie dla ka\u017cdego uczestnika Indywidualnego Programu Rehabilitacji.<\/p>\n\n\n\n<p class=\"has-secondary-color has-text-color has-link-color wp-elements-9ae4317d03e58f4237d3f7645e580ccb\" style=\"font-size:16px;line-height:1.3\">Rehabilitacja spo\u0142eczna i zawodowa&nbsp; prowadzona jest w 9 tematycznych pracowniach:<\/p>\n\n\n\n<ul class=\"wp-block-list\">\n<li class=\"has-secondary-color has-text-color has-link-color wp-elements-29a92a2829be16a91228ff1be09c81a5\" style=\"font-size:16px\"><strong>Informatyczno &#8211; Multimedialnej<\/strong><\/li>\n\n\n\n<li class=\"has-secondary-color has-text-color has-link-color wp-elements-c5890b41fe7732c4b30995f0b7c694f8\" style=\"font-size:16px\"><strong>Artystycznej<\/strong><\/li>\n\n\n\n<li class=\"has-secondary-color has-text-color has-link-color wp-elements-c75aed6652447994e4a66543c13427af\" style=\"font-size:16px\"><strong>Technik R\u00f3\u017cnych<\/strong><\/li>\n\n\n\n<li class=\"has-secondary-color has-text-color has-link-color wp-elements-fad5c2d552273b765f0f4952cfa8104b\" style=\"font-size:16px\"><strong>Technicznej<\/strong><\/li>\n\n\n\n<li class=\"has-secondary-color has-text-color has-link-color wp-elements-176fb5e6d1054dade9422e80a77f3781\" style=\"font-size:16px\"><strong>Plastyczno Dekoratorskiej<\/strong><\/li>\n\n\n\n<li class=\"has-secondary-color has-text-color has-link-color wp-elements-b2d8745914965307da9a1a39e9345b88\" style=\"font-size:16px\"><strong>Tw\u00f3rczo\u015bci Manualnej<\/strong><\/li>\n\n\n\n<li class=\"has-secondary-color has-text-color has-link-color wp-elements-f3f0698347084c2c931d23d296deca56\" style=\"font-size:16px\"><strong>R\u0119kodzielniczej<\/strong><\/li>\n\n\n\n<li class=\"has-secondary-color has-text-color has-link-color wp-elements-01ad2244c484058b64548249bc575a27\" style=\"font-size:16px\"><strong>Gospodarstwa Domowego<\/strong><\/li>\n\n\n\n<li class=\"has-secondary-color has-text-color has-link-color wp-elements-d8ff4afaf92e1fedce862512e2cd9c9d\" style=\"font-size:16px\"><strong>Rzemie\u015blniczej<\/strong><\/li>\n<\/ul>\n\n\n\n<p class=\"has-secondary-color has-text-color has-link-color wp-elements-d9c1dee8832164422a91238fe8677878\" style=\"font-size:16px;line-height:1.3\">Prowadzona &nbsp;jest&nbsp; rehabilitacja &nbsp;ruchowa, uczestnicy maj\u0105 &nbsp;&nbsp;wsparcie psychologa, obj\u0119ci s\u0105 opiek\u0105 piel\u0119gniarki. Uczestnicy Warsztatu&nbsp; bior\u0105 udzia\u0142&nbsp; w wycieczkach &nbsp;krajoznawczych&nbsp;w Polsce i za granic\u0105, seansach filmowych, okoliczno\u015bciowych imprezach i zabawach. bior\u0105 udzia\u0142 w licznych prezentacjach i wystawach na terenie ca\u0142ej Polski. Z du\u017cymi sukcesami wracaj\u0105 ze spartakiad, olimpiad sportowych, prezentacji artystycznych i konkurs\u00f3w. Sami r\u00f3wnie\u017c organizujemy r\u00f3\u017cnego rodzaju imprezy dla os\u00f3b niepe\u0142nosprawnych. Prace wykonywane przez uczestnik\u00f3w na zaj\u0119ciach ciesz\u0105 si\u0119 wielkim zainteresowaniem spo\u0142eczno\u015bci lokalnej, urz\u0119d\u00f3w, szk\u00f3\u0142 i r\u00f3\u017cnych instytucji. Warsztat wsp\u00f3\u0142pracuje z wieloma Instytucjami, Szko\u0142ami,&nbsp; Przedszkolami Radami Osiedli, Ko\u015bcio\u0142ami oraz podobnymi jak nasza Plac\u00f3wkami. Uczestnicy Warsztatu zapraszani s\u0105 do r\u00f3\u017cnych Plac\u00f3wek z wyst\u0119pami artystycznymi z r\u00f3\u017cnych okazji.<\/p>\n\n\n\n<p class=\"has-text-align-center has-secondary-color has-text-color has-link-color wp-elements-1df2e1d1292d7f4a9df1f53fa8b64cc9\" style=\"font-size:16px;line-height:0.6\"><strong>WSZYSTKICH &nbsp;ZAINTERESOWANYCH<\/strong><\/p>\n\n\n\n<p class=\"has-text-align-center has-secondary-color has-text-color has-link-color wp-elements-98f5326a954aa4a13d39b520983bcf28\" style=\"font-size:16px;line-height:0.6\"><strong>UCZESTNICTWEM W TERAPII ZAJ\u0118CIOWEJ<\/strong><\/p>\n\n\n\n<p class=\"has-text-align-center has-secondary-color has-text-color has-link-color wp-elements-f85e54656e19090d110050feb80a6916\" style=\"font-size:16px;line-height:0.6\"><strong>POSIADAJ\u0104CYCH ORZECZENIE<\/strong><\/p>\n\n\n\n<p class=\"has-text-align-center has-secondary-color has-text-color has-link-color wp-elements-656431a83ded46f66f610184f3d9e9f5\" style=\"font-size:16px;line-height:0.6\"><strong>O<\/strong> <strong>ZNACZNYM LUB UMIARKOWANYM<\/strong><\/p>\n\n\n\n<p class=\"has-text-align-center has-secondary-color has-text-color has-link-color wp-elements-bf006d0388781193b7826b20352cd883\" style=\"font-size:16px;line-height:0.6\"><strong>STOPNIU NIEPE\u0141NOSPRAWNO\u015aCI&nbsp; ZE WSKAZANIEM DO TERAPII<\/strong><\/p>\n\n\n\n<p class=\"has-text-align-center has-secondary-color has-text-color has-link-color wp-elements-2ac089f654cc489a63a0eda1e88c83f8\" style=\"font-size:16px;line-height:0.6\"><strong>SERDECZNIE&nbsp;&nbsp; ZAPRASZAMY!!!<\/strong><\/p>\n\n\n\n<div style=\"height:15px\" aria-hidden=\"true\" class=\"wp-block-spacer\"><\/div>\n\n\n\n<figure class=\"wp-block-image aligncenter size-large is-resized wp-duotone-unset-1\"><img loading=\"lazy\" decoding=\"async\" width=\"1024\" height=\"734\" src=\"http:\/\/wtztecza.pl\/wp-content\/uploads\/2025\/02\/PRZOD-1024x734.jpg\" alt=\"\" class=\"wp-image-208\" style=\"width:562px;height:auto\" srcset=\"http:\/\/wtztecza.pl\/wp-content\/uploads\/2025\/02\/PRZOD-1024x734.jpg 1024w, http:\/\/wtztecza.pl\/wp-content\/uploads\/2025\/02\/PRZOD-300x215.jpg 300w, http:\/\/wtztecza.pl\/wp-content\/uploads\/2025\/02\/PRZOD-768x551.jpg 768w, http:\/\/wtztecza.pl\/wp-content\/uploads\/2025\/02\/PRZOD-1536x1101.jpg 1536w, http:\/\/wtztecza.pl\/wp-content\/uploads\/2025\/02\/PRZOD.jpg 1795w\" sizes=\"auto, (max-width: 1024px) 100vw, 1024px\" \/><\/figure>\n","protected":false},"excerpt":{"rendered":"<p>Warsztat Terapii Zaj\u0119ciowej \u201eT\u0119cza\u201d jest plac\u00f3wk\u0105 pobytu dziennego, czynn\u0105 od poniedzia\u0142ku do pi\u0105tku&nbsp; od godz. 7.00 do 15.00. Ka\u017cda pracownia realizuje w\u0142asne zadania w zale\u017cno\u015bci od potrzeb i mo\u017cliwo\u015bci uczestnik\u00f3w wg przygotowanego corocznie dla ka\u017cdego uczestnika Indywidualnego Programu Rehabilitacji. Rehabilitacja spo\u0142eczna i zawodowa&nbsp; prowadzona jest w 9 tematycznych pracowniach: Prowadzona &nbsp;jest&nbsp; rehabilitacja &nbsp;ruchowa, uczestnicy maj\u0105 [&hellip;]<\/p>\n","protected":false},"author":1,"featured_media":0,"parent":0,"menu_order":0,"comment_status":"closed","ping_status":"closed","template":"","meta":{"footnotes":""},"class_list":["post-197","page","type-page","status-publish","hentry"],"_links":{"self":[{"href":"http:\/\/wtztecza.pl\/index.php\/wp-json\/wp\/v2\/pages\/197","targetHints":{"allow":["GET"]}}],"collection":[{"href":"http:\/\/wtztecza.pl\/index.php\/wp-json\/wp\/v2\/pages"}],"about":[{"href":"http:\/\/wtztecza.pl\/index.php\/wp-json\/wp\/v2\/types\/page"}],"author":[{"embeddable":true,"href":"http:\/\/wtztecza.pl\/index.php\/wp-json\/wp\/v2\/users\/1"}],"replies":[{"embeddable":true,"href":"http:\/\/wtztecza.pl\/index.php\/wp-json\/wp\/v2\/comments?post=197"}],"version-history":[{"count":4,"href":"http:\/\/wtztecza.pl\/index.php\/wp-json\/wp\/v2\/pages\/197\/revisions"}],"predecessor-version":[{"id":210,"href":"http:\/\/wtztecza.pl\/index.php\/wp-json\/wp\/v2\/pages\/197\/revisions\/210"}],"wp:attachment":[{"href":"http:\/\/wtztecza.pl\/index.php\/wp-json\/wp\/v2\/media?parent=197"}],"curies":[{"name":"wp","href":"https:\/\/api.w.org\/{rel}","templated":true}]}}