{"id":28,"date":"2025-01-31T12:32:23","date_gmt":"2025-01-31T11:32:23","guid":{"rendered":"http:\/\/wtztecza.pl\/?page_id=28"},"modified":"2025-02-07T12:00:49","modified_gmt":"2025-02-07T11:00:49","slug":"informatyczna","status":"publish","type":"page","link":"http:\/\/wtztecza.pl\/index.php\/informatyczna\/","title":{"rendered":"Informatyczna"},"content":{"rendered":"\n<p><\/p>\n\n\n\n<p class=\"has-foreground-color has-text-color has-link-color wp-elements-6b47a59354e6e54cd6a260e115c9c27d\"><strong>Pracownia Informatyczna<\/strong><\/p>\n\n\n\n<p>___________________________________________________________________________________<\/p>\n\n\n\n<p class=\"has-foreground-color has-text-color has-link-color has-extra-small-font-size wp-elements-16bfe19c39b10e58dbd691c6756b7516\">Nasza pracownia specjalizuje si\u0119 w tworzeniu kartek okoliczno\u015bciowych na r\u00f3\u017cne okazje. Wykonujemy r\u00f3\u017cnego typu grafiki, wyszukujemy okoliczno\u015bciowe \u017cyczenia i grafiki tematyczne,&nbsp; &nbsp;oraz drukujemy gotowe kartki. Ozdabiamy kartki okoliczno\u015bciowe. Prowadzimy stron\u0119 internetow\u0105, na niej opisujemy wydarzenia warsztatowe, kt\u00f3re odbywaj\u0105 si\u0119 na terenie warsztatu jak i po za nim, wklejamy zdj\u0119cia. Pracownia s\u0142u\u017cy pomoc\u0105 r\u00f3wnie\u017c innym pracowniom. Naprawiamy komputery i inny sprz\u0119t. Wgrywamy oprogramowanie takie jak, System np. Windows i programy u\u017cytkowe np. Open Office &nbsp;&nbsp;&nbsp;&nbsp;&nbsp;i Microsoft Office. Oczywi\u015bcie pracujemy na tych programach. Mamy te\u017c \u0107wiczenia z mikrokontroler\u00f3w jak p\u0142ytka Arduino. Uczymy si\u0119 programowa\u0107 ten uk\u0142ad i dodawa\u0107 do niego r\u00f3\u017cne akcesoria, takie jak: ekran ciek\u0142okrystaliczny, czujnik temperatury czy dalmierz. Obs\u0142ugujemy urz\u0105dzenia biurowe: Drukarki, laminarki, kopiarki, ksero, gilotyn\u0119 do papieru. Poznajemy budow\u0119 komputera i uczymy si\u0119 wymienia\u0107 dyski i pami\u0119ci ram. \u0106wiczymy obs\u0142ug\u0119 excela, worda,&nbsp;power pointa i photoshop\u2019a . Uczymy si\u0119 wstawia\u0107 tabele, kolumny i wiersze. &nbsp;Co jaki\u015b czas w naszej pracowni inni uczestnicy ucz\u0105 si\u0119 podstaw obs\u0142ugi myszki&nbsp; i klawiatury w programach np. \u201eMistrz Klawiatury\u201d. W wolnych chwilach ogl\u0105damy ciekawe filmy, oraz pr\u00f3bujemy obs\u0142ugiwa\u0107 gry zr\u0119czno\u015bciowe.<\/p>\n\n\n\n<p><\/p>\n\n\n\n<figure class=\"wp-block-gallery has-nested-images columns-default is-cropped wp-block-gallery-1 is-layout-flex wp-block-gallery-is-layout-flex\"><\/figure>\n\n\n\n<p><\/p>\n","protected":false},"excerpt":{"rendered":"<p>Pracownia Informatyczna ___________________________________________________________________________________ Nasza pracownia specjalizuje si\u0119 w tworzeniu kartek okoliczno\u015bciowych na r\u00f3\u017cne okazje. Wykonujemy r\u00f3\u017cnego typu grafiki, wyszukujemy okoliczno\u015bciowe \u017cyczenia i grafiki tematyczne,&nbsp; &nbsp;oraz drukujemy gotowe kartki. Ozdabiamy kartki okoliczno\u015bciowe. Prowadzimy stron\u0119 internetow\u0105, na niej opisujemy wydarzenia warsztatowe, kt\u00f3re odbywaj\u0105 si\u0119 na terenie warsztatu jak i po za nim, wklejamy zdj\u0119cia. Pracownia s\u0142u\u017cy pomoc\u0105 [&hellip;]<\/p>\n","protected":false},"author":1,"featured_media":0,"parent":0,"menu_order":0,"comment_status":"closed","ping_status":"closed","template":"","meta":{"footnotes":""},"class_list":["post-28","page","type-page","status-publish","hentry"],"_links":{"self":[{"href":"http:\/\/wtztecza.pl\/index.php\/wp-json\/wp\/v2\/pages\/28","targetHints":{"allow":["GET"]}}],"collection":[{"href":"http:\/\/wtztecza.pl\/index.php\/wp-json\/wp\/v2\/pages"}],"about":[{"href":"http:\/\/wtztecza.pl\/index.php\/wp-json\/wp\/v2\/types\/page"}],"author":[{"embeddable":true,"href":"http:\/\/wtztecza.pl\/index.php\/wp-json\/wp\/v2\/users\/1"}],"replies":[{"embeddable":true,"href":"http:\/\/wtztecza.pl\/index.php\/wp-json\/wp\/v2\/comments?post=28"}],"version-history":[{"count":10,"href":"http:\/\/wtztecza.pl\/index.php\/wp-json\/wp\/v2\/pages\/28\/revisions"}],"predecessor-version":[{"id":170,"href":"http:\/\/wtztecza.pl\/index.php\/wp-json\/wp\/v2\/pages\/28\/revisions\/170"}],"wp:attachment":[{"href":"http:\/\/wtztecza.pl\/index.php\/wp-json\/wp\/v2\/media?parent=28"}],"curies":[{"name":"wp","href":"https:\/\/api.w.org\/{rel}","templated":true}]}}