{"id":99,"date":"2025-02-07T08:36:58","date_gmt":"2025-02-07T07:36:58","guid":{"rendered":"http:\/\/wtztecza.pl\/?page_id=99"},"modified":"2025-02-12T11:29:24","modified_gmt":"2025-02-12T10:29:24","slug":"artystyczna","status":"publish","type":"page","link":"http:\/\/wtztecza.pl\/index.php\/artystyczna\/","title":{"rendered":"Pracownia Artystyczna"},"content":{"rendered":"\n<p><\/p>\n\n\n\n<p class=\"has-foreground-color has-text-color has-link-color wp-elements-303f22fada163170cee0b73ead62b417\"><strong>Pracownia Artystyczna<\/strong><\/p>\n\n\n\n<p>__________________________________________________________________________________<\/p>\n\n\n\n<p class=\"has-foreground-color has-text-color has-link-color wp-elements-0e5d335b618a70f922983618372b40d5\" style=\"font-size:14px\">Zaj\u0119cia w pracowni artystycznej odbywaj\u0105 si\u0119 zgodnie z Indywidualnym Programem Rehabilitacji i Terapii, kt\u00f3ry opracowany jest na pocz\u0105tku ka\u017cdego roku kalendarzowego dla ka\u017cdego uczestnika z osobna.&nbsp; Polegaj\u0105 one na zadaniach teatralnych, muzycznych oraz manualnych odbywaj\u0105cych si\u0119 wed\u0142ug za\u0142o\u017conych form.<\/p>\n\n\n\n<p class=\"has-foreground-color has-text-color has-link-color wp-elements-f753764b12e0e5196df308a94eb556c9\" style=\"font-size:14px\">Uczestnicy podczas zaj\u0119\u0107 ucz\u0105 si\u0119 i doskonal\u0105 umiej\u0119tno\u015bci \u015bpiewu, recytacji i retoryki. Graj\u0105 na instrumentach, \u0107wicz\u0105 rytmik\u0119, a tak\u017ce uczestnicz\u0105 w zabawach ruchowych przy muzyce. Bior\u0105 udzia\u0142 w r\u00f3\u017cnego rodzaju wyst\u0119pach i przegl\u0105dach artystycznych, na kt\u00f3rych prezentuj\u0105 wcze\u015bniej przygotowane piosenki, uk\u0142ady i ta\u0144ce. Poza zaj\u0119ciami muzycznymi nasi uczestnicy nabywaj\u0105 i doskonal\u0105 sprawno\u015bci manualne po przez wykonywanie prac artystycznych przer\u00f3\u017cnymi technikami. Ucz\u0105 si\u0119 wyszywa\u0107 haftem krzy\u017cykowym i p\u00f3\u0142krzy\u017cykowym, wyplataj\u0105 z wikliny papierowej, ozdabiaj\u0105 butelki, skrzynki, itp\u2026. technik\u0105 decupage.<\/p>\n\n\n\n<p class=\"has-foreground-color has-text-color has-link-color wp-elements-8932c469a3c47526dd5dd32bc1f7f48f\" style=\"font-size:14px\">Wykonywane zadania zwi\u0105zane z rehabilitacj\u0105 zawodow\u0105 maj\u0105 na celu przygotowa\u0107 uczestnik\u00f3w do podj\u0119cia w przysz\u0142o\u015bci pracy zawodowej , a tak\u017ce wyrabiaj\u0105 i kszta\u0142tuj\u0105 w nich poczucie odpowiedzialno\u015bci, samodzielno\u015bci, dok\u0142adno\u015bci podczas wykonywania pracy, jej estetyk\u0119 oraz umiej\u0119tno\u015b\u0107 pracy w grupie.<\/p>\n\n\n\n<div style=\"height:48px\" aria-hidden=\"true\" class=\"wp-block-spacer\"><\/div>\n\n\n\n<figure class=\"wp-block-image aligncenter size-large is-resized\"><img loading=\"lazy\" decoding=\"async\" width=\"1024\" height=\"768\" src=\"http:\/\/wtztecza.pl\/wp-content\/uploads\/2025\/02\/IMG_0634-1024x768.jpg\" alt=\"\" class=\"wp-image-906\" style=\"width:600px;height:auto\" srcset=\"http:\/\/wtztecza.pl\/wp-content\/uploads\/2025\/02\/IMG_0634-1024x768.jpg 1024w, http:\/\/wtztecza.pl\/wp-content\/uploads\/2025\/02\/IMG_0634-300x225.jpg 300w, http:\/\/wtztecza.pl\/wp-content\/uploads\/2025\/02\/IMG_0634-768x576.jpg 768w, http:\/\/wtztecza.pl\/wp-content\/uploads\/2025\/02\/IMG_0634-1536x1152.jpg 1536w, http:\/\/wtztecza.pl\/wp-content\/uploads\/2025\/02\/IMG_0634-2048x1536.jpg 2048w\" sizes=\"auto, (max-width: 1024px) 100vw, 1024px\" \/><\/figure>\n\n\n\n<div style=\"height:48px\" aria-hidden=\"true\" class=\"wp-block-spacer\"><\/div>\n","protected":false},"excerpt":{"rendered":"<p>Pracownia Artystyczna __________________________________________________________________________________ Zaj\u0119cia w pracowni artystycznej odbywaj\u0105 si\u0119 zgodnie z Indywidualnym Programem Rehabilitacji i Terapii, kt\u00f3ry opracowany jest na pocz\u0105tku ka\u017cdego roku kalendarzowego dla ka\u017cdego uczestnika z osobna.&nbsp; Polegaj\u0105 one na zadaniach teatralnych, muzycznych oraz manualnych odbywaj\u0105cych si\u0119 wed\u0142ug za\u0142o\u017conych form. Uczestnicy podczas zaj\u0119\u0107 ucz\u0105 si\u0119 i doskonal\u0105 umiej\u0119tno\u015bci \u015bpiewu, recytacji i retoryki. Graj\u0105 [&hellip;]<\/p>\n","protected":false},"author":1,"featured_media":0,"parent":0,"menu_order":0,"comment_status":"closed","ping_status":"closed","template":"","meta":{"footnotes":""},"class_list":["post-99","page","type-page","status-publish","hentry"],"_links":{"self":[{"href":"http:\/\/wtztecza.pl\/index.php\/wp-json\/wp\/v2\/pages\/99","targetHints":{"allow":["GET"]}}],"collection":[{"href":"http:\/\/wtztecza.pl\/index.php\/wp-json\/wp\/v2\/pages"}],"about":[{"href":"http:\/\/wtztecza.pl\/index.php\/wp-json\/wp\/v2\/types\/page"}],"author":[{"embeddable":true,"href":"http:\/\/wtztecza.pl\/index.php\/wp-json\/wp\/v2\/users\/1"}],"replies":[{"embeddable":true,"href":"http:\/\/wtztecza.pl\/index.php\/wp-json\/wp\/v2\/comments?post=99"}],"version-history":[{"count":10,"href":"http:\/\/wtztecza.pl\/index.php\/wp-json\/wp\/v2\/pages\/99\/revisions"}],"predecessor-version":[{"id":907,"href":"http:\/\/wtztecza.pl\/index.php\/wp-json\/wp\/v2\/pages\/99\/revisions\/907"}],"wp:attachment":[{"href":"http:\/\/wtztecza.pl\/index.php\/wp-json\/wp\/v2\/media?parent=99"}],"curies":[{"name":"wp","href":"https:\/\/api.w.org\/{rel}","templated":true}]}}